{"id":106,"date":"2022-04-28T00:00:36","date_gmt":"2022-04-28T00:00:36","guid":{"rendered":"http:\/\/www.ceisa.com\/?page_id=106"},"modified":"2023-04-12T13:23:21","modified_gmt":"2023-04-12T13:23:21","slug":"skiddistribucionaguasfarmaceuticas","status":"publish","type":"page","link":"https:\/\/www.ceisa.com\/backtest\/skiddistribucionaguasfarmaceuticas\/","title":{"rendered":"SKID de distribuci\u00f3n de aguas farmac\u00e9uticas"},"content":{"rendered":"<p>[et_pb_section fb_built=\u00bb1&#8243; admin_label=\u00bbFAQ\u00bb _builder_version=\u00bb4.17.3&#8243; _module_preset=\u00bbdefault\u00bb custom_padding=\u00bb30px|0px|30px|0px|true|false\u00bb global_colors_info=\u00bb{}\u00bb da_is_popup=\u00bboff\u00bb da_exit_intent=\u00bboff\u00bb da_has_close=\u00bbon\u00bb da_alt_close=\u00bboff\u00bb da_dark_close=\u00bboff\u00bb da_not_modal=\u00bbon\u00bb da_is_singular=\u00bboff\u00bb da_with_loader=\u00bboff\u00bb da_has_shadow=\u00bbon\u00bb da_disable_devices=\u00bboff|off|off\u00bb][et_pb_row _builder_version=\u00bb4.17.4&#8243; _module_preset=\u00bbdefault\u00bb background_size=\u00bbinitial\u00bb background_position=\u00bbtop_left\u00bb background_repeat=\u00bbrepeat\u00bb custom_padding=\u00bb45px|0px|0px|0px|false|false\u00bb custom_width_px=\u00bb710px\u00bb global_colors_info=\u00bb{}\u00bb][et_pb_column type=\u00bb4_4&#8243; _builder_version=\u00bb4.16&#8243; _module_preset=\u00bbdefault\u00bb background_position=\u00bbtop_left\u00bb custom_padding=\u00bb|||\u00bb global_colors_info=\u00bb{}\u00bb custom_padding__hover=\u00bb|||\u00bb][et_pb_text admin_label=\u00bbFAQ Section Title\u00bb _builder_version=\u00bb4.18.0&#8243; _module_preset=\u00bbdefault\u00bb text_font=\u00bb||||||||\u00bb text_text_color=\u00bb#1f1f1f\u00bb text_font_size=\u00bb36px\u00bb text_letter_spacing=\u00bb1px\u00bb text_line_height=\u00bb1em\u00bb background_size=\u00bbinitial\u00bb background_position=\u00bbtop_left\u00bb background_repeat=\u00bbrepeat\u00bb text_orientation=\u00bbcenter\u00bb global_colors_info=\u00bb{}\u00bb]<\/p>\n<p>SKID de distribuci\u00f3n de aguas farmac\u00e9uticas<\/p>\n<p>[\/et_pb_text][et_pb_button button_url=\u00bbhttps:\/\/www.ceisa.com\/backtest\/wp-content\/uploads\/2022\/07\/Skid-de-distribucion-de-aguas-farmaceuticas.pdf\u00bb url_new_window=\u00bbon\u00bb button_text=\u00bbDESCARGAR FICHA T\u00c9CNICA\u00bb button_alignment=\u00bbcenter\u00bb _builder_version=\u00bb4.20.4&#8243; _module_preset=\u00bbdefault\u00bb custom_button=\u00bbon\u00bb button_text_size=\u00bb14px\u00bb button_text_color=\u00bb#FFFFFF\u00bb button_bg_color=\u00bb#4acbd3&#8243; button_border_width=\u00bb0px\u00bb button_border_color=\u00bb#000000&#8243; button_use_icon=\u00bboff\u00bb custom_margin=\u00bb||||false|false\u00bb hover_enabled=\u00bb0&#8243; global_colors_info=\u00bb{}\u00bb sticky_enabled=\u00bb0&#8243;][\/et_pb_button][et_pb_button button_url=\u00bbhttps:\/\/www.ceisa.com\/backtest\/wp-content\/uploads\/2022\/08\/SKID-Water-distribution.pdf\u00bb url_new_window=\u00bbon\u00bb button_text=\u00bbDATASHEET\u00bb button_alignment=\u00bbcenter\u00bb disabled_on=\u00bbon|on|on\u00bb _builder_version=\u00bb4.18.0&#8243; _module_preset=\u00bbdefault\u00bb custom_button=\u00bbon\u00bb button_text_size=\u00bb14px\u00bb button_text_color=\u00bb#FFFFFF\u00bb button_bg_color=\u00bb#4acbd3&#8243; button_border_width=\u00bb0px\u00bb button_border_color=\u00bb#000000&#8243; button_use_icon=\u00bboff\u00bb disabled=\u00bbon\u00bb global_colors_info=\u00bb{}\u00bb][\/et_pb_button][et_pb_text admin_label=\u00bbFAQ Section Subtitle\u00bb _builder_version=\u00bb4.17.4&#8243; _module_preset=\u00bbdefault\u00bb text_font=\u00bb|300|||||||\u00bb text_font_size=\u00bb16px\u00bb text_letter_spacing=\u00bb0.1em\u00bb text_line_height=\u00bb1.4em\u00bb background_size=\u00bbinitial\u00bb background_position=\u00bbtop_left\u00bb background_repeat=\u00bbrepeat\u00bb global_colors_info=\u00bb{}\u00bb]<\/p>\n<p>Los sistemas de almacenamiento de agua purificada, agua altamente purificada y WFI est\u00e1n presentes en toda la industria farmac\u00e9utica, biotecnol\u00f3gica, veterinaria y cosm\u00e9tica, siendo uno de los pilares en los procesos de fabricaci\u00f3n y limpieza.<\/p>\n<p>[\/et_pb_text][et_pb_text admin_label=\u00bbFAQ Section Subtitle\u00bb _builder_version=\u00bb4.18.0&#8243; _module_preset=\u00bbdefault\u00bb text_font=\u00bb|300|||||||\u00bb text_font_size=\u00bb16px\u00bb text_letter_spacing=\u00bb0.1em\u00bb text_line_height=\u00bb1.4em\u00bb background_size=\u00bbinitial\u00bb background_position=\u00bbtop_left\u00bb background_repeat=\u00bbrepeat\u00bb custom_padding=\u00bb||0px||false|false\u00bb global_colors_info=\u00bb{}\u00bb]<\/p>\n<ul>\n<ul>\n<li>SKIDs personalizados para adaptarse a los requisitos del laboratorio o \u00e1rea de producci\u00f3n.<\/li>\n<\/ul>\n<\/ul>\n<ul>\n<ul>\n<li>Dise\u00f1o eficiente para garantizar el suministro de agua farmac\u00e9utica. Este se adecuar\u00e1 a la demanda punta, el n\u00famero de puntos de uso y las necesidades actuales y futuras.<\/li>\n<\/ul>\n<ul>\n<li>Adicionalmente, se acuerda con el cliente un factor de simultaneidad de consumo.<\/li>\n<\/ul>\n<\/ul>\n<ul>\n<ul>\n<li>SKIDs dise\u00f1ados a medida del cliente mediante la aprobaci\u00f3n del modelo 3D y del P&amp;ID.<\/li>\n<\/ul>\n<\/ul>\n<ul>\n<ul>\n<li>Fabricaci\u00f3n en base a las exigencias farmac\u00e9uticas m\u00e1s estrictas (GMPs, USP, ASME, ISPE\u2026) y las necesidades de cada cliente.<\/li>\n<\/ul>\n<\/ul>\n<ul>\n<ul>\n<li>El sistema de control incorpora pantalla t\u00e1ctil HMI, sistema SCADA (supervisi\u00f3n, control y adquisici\u00f3n de datos) y se rige conforme a las normativas 21CFR. Como opcional pueden incluirse recetas configurables por el usuario.<\/li>\n<\/ul>\n<\/ul>\n<ul>\n<ul>\n<li>Los SKIDs disponen de sistemas de sanitizaci\u00f3n y\/o esterilizaci\u00f3n del equipo en funci\u00f3n del tipo de agua a tratar.<\/li>\n<\/ul>\n<ul><\/ul>\n<\/ul>\n<ul>\n<ul><\/ul>\n<\/ul>\n<ul><\/ul>\n<p>[\/et_pb_text][\/et_pb_column][\/et_pb_row][et_pb_row _builder_version=\u00bb4.18.0&#8243; _module_preset=\u00bbdefault\u00bb custom_padding=\u00bb0px||||false|false\u00bb global_colors_info=\u00bb{}\u00bb][et_pb_column type=\u00bb4_4&#8243; _builder_version=\u00bb4.17.4&#8243; _module_preset=\u00bbdefault\u00bb global_colors_info=\u00bb{}\u00bb][et_pb_image src=\u00bbhttps:\/\/www.ceisa.com\/backtest\/wp-content\/uploads\/2022\/08\/Eq_DisAgua2-1.jpg\u00bb title_text=\u00bbEq_DisAgua2&#8243; _builder_version=\u00bb4.18.0&#8243; _module_preset=\u00bbdefault\u00bb global_colors_info=\u00bb{}\u00bb][\/et_pb_image][et_pb_text admin_label=\u00bbFAQ Section Subtitle\u00bb _builder_version=\u00bb4.17.4&#8243; _module_preset=\u00bbdefault\u00bb text_font=\u00bb|300|||||||\u00bb text_font_size=\u00bb16px\u00bb text_letter_spacing=\u00bb0.1em\u00bb text_line_height=\u00bb1.4em\u00bb background_size=\u00bbinitial\u00bb background_position=\u00bbtop_left\u00bb background_repeat=\u00bbrepeat\u00bb global_colors_info=\u00bb{}\u00bb]<\/p>\n<p>Amplias posibilidades para customizar el SKID a medida del cliente:<\/p>\n<p>[\/et_pb_text][et_pb_text admin_label=\u00bbFAQ Section Subtitle\u00bb _builder_version=\u00bb4.17.4&#8243; _module_preset=\u00bbdefault\u00bb text_font=\u00bb|300|||||||\u00bb text_font_size=\u00bb16px\u00bb text_letter_spacing=\u00bb0.1em\u00bb text_line_height=\u00bb1.4em\u00bb background_size=\u00bbinitial\u00bb background_position=\u00bbtop_left\u00bb background_repeat=\u00bbrepeat\u00bb global_colors_info=\u00bb{}\u00bb]<\/p>\n<ul>\n<li>Puntos de uso manuales, autom\u00e1ticos o semiautom\u00e1ticos<\/li>\n<li>V\u00e1lvulas de muestreo en puntos de uso<\/li>\n<li>Control de caudal m\u00ednimo fin de lazo<\/li>\n<li>Control de presi\u00f3n m\u00ednima fin de lazo<\/li>\n<li>Control de conductividad fin de lazo<\/li>\n<li>Control de TOC fin de lazo<\/li>\n<li>Control de temperatura fin de lazo mediante intercambiadores multitubulares<\/li>\n<li>Sistema desinfecci\u00f3n UV<\/li>\n<li>Gesti\u00f3n disponibilidad anillo<\/li>\n<li>Sistema de bombeo simple o redundante<\/li>\n<li>Otras opciones disponibles bajo demanda del cliente<\/li>\n<\/ul>\n<p>[\/et_pb_text][et_pb_text admin_label=\u00bbFAQ Section Subtitle\u00bb _builder_version=\u00bb4.17.4&#8243; _module_preset=\u00bbdefault\u00bb text_font=\u00bb||||||||\u00bb text_text_color=\u00bb#1f1f1f\u00bb text_font_size=\u00bb36px\u00bb text_letter_spacing=\u00bb1px\u00bb text_line_height=\u00bb1.4em\u00bb background_size=\u00bbinitial\u00bb background_position=\u00bbtop_left\u00bb background_repeat=\u00bbrepeat\u00bb text_orientation=\u00bbcenter\u00bb global_colors_info=\u00bb{}\u00bb]<\/p>\n<p><span style=\"color: #4acbd3;\"><b>Aplicaciones<\/b><\/span><b><\/b><\/p>\n<p>[\/et_pb_text][et_pb_text admin_label=\u00bbFAQ Section Subtitle\u00bb _builder_version=\u00bb4.18.0&#8243; _module_preset=\u00bbdefault\u00bb text_font=\u00bb|300|||||||\u00bb text_font_size=\u00bb16px\u00bb text_letter_spacing=\u00bb0.1em\u00bb text_line_height=\u00bb1.4em\u00bb background_size=\u00bbinitial\u00bb background_position=\u00bbtop_left\u00bb background_repeat=\u00bbrepeat\u00bb global_colors_info=\u00bb{}\u00bb]<\/p>\n<p><span style=\"color: #4acbd3;\"><b>Sector biotecnol\u00f3gico \/ farmac\u00e9utico \/ veterinario \/ cosm\u00e9tico<br \/><\/b><\/span><\/p>\n<p><span style=\"color: #4acbd3;\"><b><\/b><\/span><\/p>\n<ul>\n<li>Anillos de agua purificada<\/li>\n<li>Anillos de agua altamente purificada<\/li>\n<li>Anillos WFI agua para inyectables WFI<\/li>\n<\/ul>\n<p>[\/et_pb_text][\/et_pb_column][\/et_pb_row][\/et_pb_section]<\/p>\n","protected":false},"excerpt":{"rendered":"<p>SKID de distribuci\u00f3n de aguas farmac\u00e9uticasLos sistemas de almacenamiento de agua purificada, agua altamente purificada y WFI est\u00e1n presentes en toda la industria farmac\u00e9utica, biotecnol\u00f3gica, veterinaria y cosm\u00e9tica, siendo uno de los pilares en los procesos de fabricaci\u00f3n y limpieza. SKIDs personalizados para adaptarse a los requisitos del laboratorio o \u00e1rea de producci\u00f3n. Dise\u00f1o eficiente [&hellip;]<\/p>\n","protected":false},"author":1,"featured_media":0,"parent":0,"menu_order":0,"comment_status":"closed","ping_status":"closed","template":"","meta":{"_et_pb_use_builder":"on","_et_pb_old_content":"","_et_gb_content_width":"","_monsterinsights_skip_tracking":false,"_monsterinsights_sitenote_active":false,"_monsterinsights_sitenote_note":"","_monsterinsights_sitenote_category":0,"footnotes":""},"class_list":["post-106","page","type-page","status-publish","hentry"],"yoast_head":"<!-- This site is optimized with the Yoast SEO plugin v27.5 - https:\/\/yoast.com\/product\/yoast-seo-wordpress\/ -->\n<title>SKID de distribuci\u00f3n de aguas farmac\u00e9uticas | CEISA<\/title>\n<meta name=\"description\" content=\"Presentes en toda la industria farmac\u00e9utica, biotecnol\u00f3gica, veterinaria y cosm\u00e9tica, siendo uno de los pilares en los procesos de fabricaci\u00f3n y limpieza.\" \/>\n<meta name=\"robots\" content=\"index, follow, max-snippet:-1, max-image-preview:large, max-video-preview:-1\" \/>\n<link rel=\"canonical\" href=\"https:\/\/www.ceisa.com\/backtest\/skiddistribucionaguasfarmaceuticas\/\" \/>\n<meta property=\"og:locale\" content=\"es_ES\" \/>\n<meta property=\"og:type\" content=\"article\" \/>\n<meta property=\"og:title\" content=\"SKID de distribuci\u00f3n de aguas farmac\u00e9uticas | CEISA\" \/>\n<meta property=\"og:description\" content=\"Presentes en toda la industria farmac\u00e9utica, biotecnol\u00f3gica, veterinaria y cosm\u00e9tica, siendo uno de los pilares en los procesos de fabricaci\u00f3n y limpieza.\" \/>\n<meta property=\"og:url\" content=\"https:\/\/www.ceisa.com\/backtest\/skiddistribucionaguasfarmaceuticas\/\" \/>\n<meta property=\"og:site_name\" content=\"CEISA\" \/>\n<meta property=\"article:modified_time\" content=\"2023-04-12T13:23:21+00:00\" \/>\n<meta name=\"twitter:card\" content=\"summary_large_image\" \/>\n<meta name=\"twitter:label1\" content=\"Tiempo de lectura\" \/>\n\t<meta name=\"twitter:data1\" content=\"3 minutos\" \/>\n<script type=\"application\/ld+json\" class=\"yoast-schema-graph\">{\"@context\":\"https:\\\/\\\/schema.org\",\"@graph\":[{\"@type\":\"WebPage\",\"@id\":\"https:\\\/\\\/www.ceisa.com\\\/backtest\\\/skiddistribucionaguasfarmaceuticas\\\/\",\"url\":\"https:\\\/\\\/www.ceisa.com\\\/backtest\\\/skiddistribucionaguasfarmaceuticas\\\/\",\"name\":\"SKID de distribuci\u00f3n de aguas farmac\u00e9uticas | CEISA\",\"isPartOf\":{\"@id\":\"https:\\\/\\\/www.ceisa.com\\\/backtest\\\/#website\"},\"datePublished\":\"2022-04-28T00:00:36+00:00\",\"dateModified\":\"2023-04-12T13:23:21+00:00\",\"description\":\"Presentes en toda la industria farmac\u00e9utica, biotecnol\u00f3gica, veterinaria y cosm\u00e9tica, siendo uno de los pilares en los procesos de fabricaci\u00f3n y limpieza.\",\"breadcrumb\":{\"@id\":\"https:\\\/\\\/www.ceisa.com\\\/backtest\\\/skiddistribucionaguasfarmaceuticas\\\/#breadcrumb\"},\"inLanguage\":\"es\",\"potentialAction\":[{\"@type\":\"ReadAction\",\"target\":[\"https:\\\/\\\/www.ceisa.com\\\/backtest\\\/skiddistribucionaguasfarmaceuticas\\\/\"]}]},{\"@type\":\"BreadcrumbList\",\"@id\":\"https:\\\/\\\/www.ceisa.com\\\/backtest\\\/skiddistribucionaguasfarmaceuticas\\\/#breadcrumb\",\"itemListElement\":[{\"@type\":\"ListItem\",\"position\":1,\"name\":\"Portada\",\"item\":\"https:\\\/\\\/www.ceisa.com\\\/backtest\\\/\"},{\"@type\":\"ListItem\",\"position\":2,\"name\":\"SKID de distribuci\u00f3n de aguas farmac\u00e9uticas\"}]},{\"@type\":\"WebSite\",\"@id\":\"https:\\\/\\\/www.ceisa.com\\\/backtest\\\/#website\",\"url\":\"https:\\\/\\\/www.ceisa.com\\\/backtest\\\/\",\"name\":\"CEISA\",\"description\":\"We Make Everything Flow\",\"publisher\":{\"@id\":\"https:\\\/\\\/www.ceisa.com\\\/backtest\\\/#organization\"},\"potentialAction\":[{\"@type\":\"SearchAction\",\"target\":{\"@type\":\"EntryPoint\",\"urlTemplate\":\"https:\\\/\\\/www.ceisa.com\\\/backtest\\\/?s={search_term_string}\"},\"query-input\":{\"@type\":\"PropertyValueSpecification\",\"valueRequired\":true,\"valueName\":\"search_term_string\"}}],\"inLanguage\":\"es\"},{\"@type\":\"Organization\",\"@id\":\"https:\\\/\\\/www.ceisa.com\\\/backtest\\\/#organization\",\"name\":\"CEISA\",\"url\":\"https:\\\/\\\/www.ceisa.com\\\/backtest\\\/\",\"logo\":{\"@type\":\"ImageObject\",\"inLanguage\":\"es\",\"@id\":\"https:\\\/\\\/www.ceisa.com\\\/backtest\\\/#\\\/schema\\\/logo\\\/image\\\/\",\"url\":\"https:\\\/\\\/www.ceisa.com\\\/backtest\\\/wp-content\\\/uploads\\\/2022\\\/10\\\/CEISA-02.png\",\"contentUrl\":\"https:\\\/\\\/www.ceisa.com\\\/backtest\\\/wp-content\\\/uploads\\\/2022\\\/10\\\/CEISA-02.png\",\"width\":2501,\"height\":1482,\"caption\":\"CEISA\"},\"image\":{\"@id\":\"https:\\\/\\\/www.ceisa.com\\\/backtest\\\/#\\\/schema\\\/logo\\\/image\\\/\"},\"sameAs\":[\"https:\\\/\\\/es.linkedin.com\\\/company\\\/ceisasolutions-sa\"]}]}<\/script>\n<!-- \/ Yoast SEO plugin. -->","yoast_head_json":{"title":"SKID de distribuci\u00f3n de aguas farmac\u00e9uticas | CEISA","description":"Presentes en toda la industria farmac\u00e9utica, biotecnol\u00f3gica, veterinaria y cosm\u00e9tica, siendo uno de los pilares en los procesos de fabricaci\u00f3n y limpieza.","robots":{"index":"index","follow":"follow","max-snippet":"max-snippet:-1","max-image-preview":"max-image-preview:large","max-video-preview":"max-video-preview:-1"},"canonical":"https:\/\/www.ceisa.com\/backtest\/skiddistribucionaguasfarmaceuticas\/","og_locale":"es_ES","og_type":"article","og_title":"SKID de distribuci\u00f3n de aguas farmac\u00e9uticas | CEISA","og_description":"Presentes en toda la industria farmac\u00e9utica, biotecnol\u00f3gica, veterinaria y cosm\u00e9tica, siendo uno de los pilares en los procesos de fabricaci\u00f3n y limpieza.","og_url":"https:\/\/www.ceisa.com\/backtest\/skiddistribucionaguasfarmaceuticas\/","og_site_name":"CEISA","article_modified_time":"2023-04-12T13:23:21+00:00","twitter_card":"summary_large_image","twitter_misc":{"Tiempo de lectura":"3 minutos"},"schema":{"@context":"https:\/\/schema.org","@graph":[{"@type":"WebPage","@id":"https:\/\/www.ceisa.com\/backtest\/skiddistribucionaguasfarmaceuticas\/","url":"https:\/\/www.ceisa.com\/backtest\/skiddistribucionaguasfarmaceuticas\/","name":"SKID de distribuci\u00f3n de aguas farmac\u00e9uticas | CEISA","isPartOf":{"@id":"https:\/\/www.ceisa.com\/backtest\/#website"},"datePublished":"2022-04-28T00:00:36+00:00","dateModified":"2023-04-12T13:23:21+00:00","description":"Presentes en toda la industria farmac\u00e9utica, biotecnol\u00f3gica, veterinaria y cosm\u00e9tica, siendo uno de los pilares en los procesos de fabricaci\u00f3n y limpieza.","breadcrumb":{"@id":"https:\/\/www.ceisa.com\/backtest\/skiddistribucionaguasfarmaceuticas\/#breadcrumb"},"inLanguage":"es","potentialAction":[{"@type":"ReadAction","target":["https:\/\/www.ceisa.com\/backtest\/skiddistribucionaguasfarmaceuticas\/"]}]},{"@type":"BreadcrumbList","@id":"https:\/\/www.ceisa.com\/backtest\/skiddistribucionaguasfarmaceuticas\/#breadcrumb","itemListElement":[{"@type":"ListItem","position":1,"name":"Portada","item":"https:\/\/www.ceisa.com\/backtest\/"},{"@type":"ListItem","position":2,"name":"SKID de distribuci\u00f3n de aguas farmac\u00e9uticas"}]},{"@type":"WebSite","@id":"https:\/\/www.ceisa.com\/backtest\/#website","url":"https:\/\/www.ceisa.com\/backtest\/","name":"CEISA","description":"We Make Everything Flow","publisher":{"@id":"https:\/\/www.ceisa.com\/backtest\/#organization"},"potentialAction":[{"@type":"SearchAction","target":{"@type":"EntryPoint","urlTemplate":"https:\/\/www.ceisa.com\/backtest\/?s={search_term_string}"},"query-input":{"@type":"PropertyValueSpecification","valueRequired":true,"valueName":"search_term_string"}}],"inLanguage":"es"},{"@type":"Organization","@id":"https:\/\/www.ceisa.com\/backtest\/#organization","name":"CEISA","url":"https:\/\/www.ceisa.com\/backtest\/","logo":{"@type":"ImageObject","inLanguage":"es","@id":"https:\/\/www.ceisa.com\/backtest\/#\/schema\/logo\/image\/","url":"https:\/\/www.ceisa.com\/backtest\/wp-content\/uploads\/2022\/10\/CEISA-02.png","contentUrl":"https:\/\/www.ceisa.com\/backtest\/wp-content\/uploads\/2022\/10\/CEISA-02.png","width":2501,"height":1482,"caption":"CEISA"},"image":{"@id":"https:\/\/www.ceisa.com\/backtest\/#\/schema\/logo\/image\/"},"sameAs":["https:\/\/es.linkedin.com\/company\/ceisasolutions-sa"]}]}},"_links":{"self":[{"href":"https:\/\/www.ceisa.com\/backtest\/wp-json\/wp\/v2\/pages\/106","targetHints":{"allow":["GET"]}}],"collection":[{"href":"https:\/\/www.ceisa.com\/backtest\/wp-json\/wp\/v2\/pages"}],"about":[{"href":"https:\/\/www.ceisa.com\/backtest\/wp-json\/wp\/v2\/types\/page"}],"author":[{"embeddable":true,"href":"https:\/\/www.ceisa.com\/backtest\/wp-json\/wp\/v2\/users\/1"}],"replies":[{"embeddable":true,"href":"https:\/\/www.ceisa.com\/backtest\/wp-json\/wp\/v2\/comments?post=106"}],"version-history":[{"count":19,"href":"https:\/\/www.ceisa.com\/backtest\/wp-json\/wp\/v2\/pages\/106\/revisions"}],"predecessor-version":[{"id":1126,"href":"https:\/\/www.ceisa.com\/backtest\/wp-json\/wp\/v2\/pages\/106\/revisions\/1126"}],"wp:attachment":[{"href":"https:\/\/www.ceisa.com\/backtest\/wp-json\/wp\/v2\/media?parent=106"}],"curies":[{"name":"wp","href":"https:\/\/api.w.org\/{rel}","templated":true}]}}