{"id":201,"date":"2022-05-31T14:59:06","date_gmt":"2022-05-31T14:59:06","guid":{"rendered":"https:\/\/www.ceisa.com\/?page_id=201"},"modified":"2023-04-12T13:21:20","modified_gmt":"2023-04-12T13:21:20","slug":"equiposproceso","status":"publish","type":"page","link":"https:\/\/www.ceisa.com\/backtest\/equiposproceso\/","title":{"rendered":"Equipos de proceso"},"content":{"rendered":"<p>[et_pb_section fb_built=\u00bb1&#8243; admin_label=\u00bbFAQ\u00bb _builder_version=\u00bb4.17.3&#8243; _module_preset=\u00bbdefault\u00bb custom_padding=\u00bb30px|0px|30px|0px|true|false\u00bb global_colors_info=\u00bb{}\u00bb da_is_popup=\u00bboff\u00bb da_exit_intent=\u00bboff\u00bb da_has_close=\u00bbon\u00bb da_alt_close=\u00bboff\u00bb da_dark_close=\u00bboff\u00bb da_not_modal=\u00bbon\u00bb da_is_singular=\u00bboff\u00bb da_with_loader=\u00bboff\u00bb da_has_shadow=\u00bbon\u00bb da_disable_devices=\u00bboff|off|off\u00bb][et_pb_row _builder_version=\u00bb4.16&#8243; _module_preset=\u00bbdefault\u00bb background_size=\u00bbinitial\u00bb background_position=\u00bbtop_left\u00bb background_repeat=\u00bbrepeat\u00bb custom_padding=\u00bb45px|0px|45px|0px\u00bb custom_width_px=\u00bb710px\u00bb global_colors_info=\u00bb{}\u00bb][et_pb_column type=\u00bb4_4&#8243; _builder_version=\u00bb4.16&#8243; _module_preset=\u00bbdefault\u00bb background_position=\u00bbtop_left\u00bb custom_padding=\u00bb|||\u00bb global_colors_info=\u00bb{}\u00bb custom_padding__hover=\u00bb|||\u00bb][et_pb_text admin_label=\u00bbFAQ Section Title\u00bb _builder_version=\u00bb4.18.0&#8243; _module_preset=\u00bbdefault\u00bb text_font=\u00bb||||||||\u00bb text_text_color=\u00bb#1f1f1f\u00bb text_font_size=\u00bb36px\u00bb text_letter_spacing=\u00bb1px\u00bb text_line_height=\u00bb1em\u00bb background_size=\u00bbinitial\u00bb background_position=\u00bbtop_left\u00bb background_repeat=\u00bbrepeat\u00bb text_orientation=\u00bbcenter\u00bb global_colors_info=\u00bb{}\u00bb]<\/p>\n<p>Equipos de proceso<\/p>\n<p>[\/et_pb_text][et_pb_button button_url=\u00bbhttps:\/\/www.ceisa.com\/backtest\/wp-content\/uploads\/2022\/07\/Equipos-de-procesos.pdf\u00bb url_new_window=\u00bbon\u00bb button_text=\u00bbDESCARGAR FICHA T\u00c9CNICA\u00bb button_alignment=\u00bbcenter\u00bb _builder_version=\u00bb4.20.4&#8243; _module_preset=\u00bbdefault\u00bb custom_button=\u00bbon\u00bb button_text_size=\u00bb14px\u00bb button_text_color=\u00bb#FFFFFF\u00bb button_bg_color=\u00bb#4acbd3&#8243; button_border_width=\u00bb0px\u00bb button_border_color=\u00bb#000000&#8243; button_use_icon=\u00bboff\u00bb custom_margin=\u00bb||||false|false\u00bb hover_enabled=\u00bb0&#8243; global_colors_info=\u00bb{}\u00bb sticky_enabled=\u00bb0&#8243;][\/et_pb_button][et_pb_button button_url=\u00bbhttps:\/\/www.ceisa.com\/backtest\/wp-content\/uploads\/2022\/08\/Equipment.pdf\u00bb url_new_window=\u00bbon\u00bb button_text=\u00bbDATASHEET\u00bb button_alignment=\u00bbcenter\u00bb disabled_on=\u00bbon|on|on\u00bb _builder_version=\u00bb4.18.0&#8243; _module_preset=\u00bbdefault\u00bb custom_button=\u00bbon\u00bb button_text_size=\u00bb14px\u00bb button_text_color=\u00bb#FFFFFF\u00bb button_bg_color=\u00bb#4acbd3&#8243; button_border_width=\u00bb0px\u00bb button_border_color=\u00bb#000000&#8243; button_use_icon=\u00bboff\u00bb disabled=\u00bbon\u00bb global_colors_info=\u00bb{}\u00bb][\/et_pb_button][et_pb_text admin_label=\u00bbFAQ Section Subtitle\u00bb _builder_version=\u00bb4.17.4&#8243; _module_preset=\u00bbdefault\u00bb text_font=\u00bb|300|||||||\u00bb text_font_size=\u00bb16px\u00bb text_letter_spacing=\u00bb0.1em\u00bb text_line_height=\u00bb1.4em\u00bb background_size=\u00bbinitial\u00bb background_position=\u00bbtop_left\u00bb background_repeat=\u00bbrepeat\u00bb global_colors_info=\u00bb{}\u00bb]<\/p>\n<p>En CEISA, los equipos de proceso en contacto con el producto se construyen conforme a los m\u00e1s altos est\u00e1ndares de calidad, aplicando las normativas m\u00e1s exigentes de cada sector, sea cual sea su aplicaci\u00f3n.<\/p>\n<p>[\/et_pb_text][et_pb_image src=\u00bbhttps:\/\/www.ceisa.com\/backtest\/wp-content\/uploads\/2022\/09\/Eq_Proceso2.jpg\u00bb title_text=\u00bbEq_Proceso2&#8243; _builder_version=\u00bb4.18.0&#8243; _module_preset=\u00bbdefault\u00bb global_colors_info=\u00bb{}\u00bb][\/et_pb_image][et_pb_text admin_label=\u00bbFAQ Section Subtitle\u00bb _builder_version=\u00bb4.18.0&#8243; _module_preset=\u00bbdefault\u00bb text_font=\u00bb|300|||||||\u00bb text_font_size=\u00bb16px\u00bb text_letter_spacing=\u00bb0.1em\u00bb text_line_height=\u00bb1.4em\u00bb background_size=\u00bbinitial\u00bb background_position=\u00bbtop_left\u00bb background_repeat=\u00bbrepeat\u00bb global_colors_info=\u00bb{}\u00bb]<\/p>\n<ul>\n<li>Vol\u00famenes de fabricaci\u00f3n entre 10L y 4000L y presiones de trabajo desde vac\u00edo absoluto (-1 barg) hasta 10 barg.<\/li>\n<\/ul>\n<ul>\n<li>Equipos fabricados a medida del cliente mediante la aprobaci\u00f3n del 3D y del P&amp;ID.<\/li>\n<\/ul>\n<ul>\n<li style=\"text-align: left;\">Material de fabricaci\u00f3n de acero inoxidable AISI-316L y AISI304L y acabados Ra&lt;0,4 \u00b5m, Ra&lt;0,5 \u00b5m o Ra&lt;0,8 \u00b5m.<\/li>\n<\/ul>\n<ul>\n<li style=\"text-align: left;\">Los equipos pueden llevar todo tipo de agitaci\u00f3n, desde agitaci\u00f3n magn\u00e9tica hasta homogeneizadores, Rushton, Cowless y Ultraturrax, entre otros.<\/li>\n<\/ul>\n<ul>\n<li style=\"text-align: left;\">Los equipos e instrumentos que integran son de la m\u00e1s alta calidad del mercado para facilitar la limpieza y\/o esterilizaci\u00f3n del equipo.<\/li>\n<\/ul>\n<ul>\n<li style=\"text-align: left;\"><span style=\"font-size: 16px;\">El sistema de control incorpora <\/span>pantalla t\u00e1ctil HMI<span style=\"font-size: 16px;\">, sistema <\/span>SCADA<span style=\"font-size: 16px;\"> (supervisi\u00f3n, control y adquisici\u00f3n de datos) y se rige conforme a las normativas 21CFR. Como opcional, pueden incluirse <\/span>recetas configurables por el usuario<span style=\"font-size: 16px;\">.<\/span><\/li>\n<\/ul>\n<p>[\/et_pb_text][et_pb_text admin_label=\u00bbFAQ Section Subtitle\u00bb _builder_version=\u00bb4.17.4&#8243; _module_preset=\u00bbdefault\u00bb text_font=\u00bb||||||||\u00bb text_text_color=\u00bb#1f1f1f\u00bb text_font_size=\u00bb36px\u00bb text_letter_spacing=\u00bb1px\u00bb text_line_height=\u00bb1.4em\u00bb background_size=\u00bbinitial\u00bb background_position=\u00bbtop_left\u00bb background_repeat=\u00bbrepeat\u00bb text_orientation=\u00bbcenter\u00bb global_colors_info=\u00bb{}\u00bb]<\/p>\n<p><span style=\"color: #4acbd3;\"><b>Aplicaciones<\/b><\/span><b><\/b><\/p>\n<p>[\/et_pb_text][et_pb_text admin_label=\u00bbFAQ Section Subtitle\u00bb _builder_version=\u00bb4.18.0&#8243; _module_preset=\u00bbdefault\u00bb text_font=\u00bb|300|||||||\u00bb text_font_size=\u00bb16px\u00bb text_letter_spacing=\u00bb0.1em\u00bb text_line_height=\u00bb1.4em\u00bb background_size=\u00bbinitial\u00bb background_position=\u00bbtop_left\u00bb background_repeat=\u00bbrepeat\u00bb global_colors_info=\u00bb{}\u00bb]<\/p>\n<p><span style=\"color: #4acbd3;\"><b>Sector farmac\u00e9utico \/ cosm\u00e9tico \/ veterinario<\/b><\/span><\/p>\n<p><span style=\"color: #4acbd3;\"><b><\/b><\/span><\/p>\n<ul>\n<li>Fabricaci\u00f3n de suspensiones<\/li>\n<li>Fabricaci\u00f3n de emulsiones, jarabes, pomadas oft\u00e1lmicas, cremas faciales y cremas dent\u00edfricas<\/li>\n<li>Fabricaci\u00f3n de soluciones solubles en agua<\/li>\n<li>Fabricaci\u00f3n de soluciones jabonosas<\/li>\n<li>Fabricaci\u00f3n de antis\u00e9pticos hidroalcoh\u00f3licos<\/li>\n<li>Fundido de vaselinas<b><\/b><\/li>\n<\/ul>\n<p>[\/et_pb_text][et_pb_text admin_label=\u00bbFAQ Section Subtitle\u00bb _builder_version=\u00bb4.18.0&#8243; _module_preset=\u00bbdefault\u00bb text_font=\u00bb|300|||||||\u00bb text_font_size=\u00bb16px\u00bb text_letter_spacing=\u00bb0.1em\u00bb text_line_height=\u00bb1.4em\u00bb background_size=\u00bbinitial\u00bb background_position=\u00bbtop_left\u00bb background_repeat=\u00bbrepeat\u00bb global_colors_info=\u00bb{}\u00bb]<\/p>\n<p><span style=\"color: #4acbd3;\"><b>Sector alimentario<br \/><\/b><\/span><\/p>\n<p><span style=\"color: #4acbd3;\"><b><\/b><\/span><\/p>\n<ul>\n<li>Fabricaci\u00f3n de salsas<\/li>\n<li>Manifolds de v\u00e1lvulas<\/li>\n<li>Mezclado de productos en fase l\u00edquido\/s\u00f3lido<\/li>\n<li>Pasteurizadores<\/li>\n<\/ul>\n<p>[\/et_pb_text][et_pb_text admin_label=\u00bbFAQ Section Subtitle\u00bb _builder_version=\u00bb4.18.0&#8243; _module_preset=\u00bbdefault\u00bb text_font=\u00bb|300|||||||\u00bb text_font_size=\u00bb16px\u00bb text_letter_spacing=\u00bb0.1em\u00bb text_line_height=\u00bb1.4em\u00bb background_size=\u00bbinitial\u00bb background_position=\u00bbtop_left\u00bb background_repeat=\u00bbrepeat\u00bb global_colors_info=\u00bb{}\u00bb]<\/p>\n<p><span style=\"color: #4acbd3;\"><b>Sector biotecnol\u00f3gico<br \/><\/b><\/span><\/p>\n<p><span style=\"color: #4acbd3;\"><b><\/b><\/span><\/p>\n<ul>\n<li>Fermentaci\u00f3n microbiol\u00f3gica<\/li>\n<li>Cultivo celular<\/li>\n<\/ul>\n<p>[\/et_pb_text][\/et_pb_column][\/et_pb_row][\/et_pb_section]<\/p>\n","protected":false},"excerpt":{"rendered":"<p>Equipos de procesoEn CEISA, los equipos de proceso en contacto con el producto se construyen conforme a los m\u00e1s altos est\u00e1ndares de calidad, aplicando las normativas m\u00e1s exigentes de cada sector, sea cual sea su aplicaci\u00f3n. Vol\u00famenes de fabricaci\u00f3n entre 10L y 4000L y presiones de trabajo desde vac\u00edo absoluto (-1 barg) hasta 10 barg. [&hellip;]<\/p>\n","protected":false},"author":1,"featured_media":0,"parent":0,"menu_order":0,"comment_status":"closed","ping_status":"closed","template":"","meta":{"_et_pb_use_builder":"on","_et_pb_old_content":"","_et_gb_content_width":"","_monsterinsights_skip_tracking":false,"_monsterinsights_sitenote_active":false,"_monsterinsights_sitenote_note":"","_monsterinsights_sitenote_category":0,"footnotes":""},"class_list":["post-201","page","type-page","status-publish","hentry"],"yoast_head":"<!-- This site is optimized with the Yoast SEO plugin v27.5 - https:\/\/yoast.com\/product\/yoast-seo-wordpress\/ -->\n<title>Equipos de proceso | CEISA<\/title>\n<meta name=\"description\" content=\"Los equipos de proceso se construyen conforme a los m\u00e1s altos est\u00e1ndares de calidad, aplicando las normativas m\u00e1s exigentes de cada sector.\" \/>\n<meta name=\"robots\" content=\"index, follow, max-snippet:-1, max-image-preview:large, max-video-preview:-1\" \/>\n<link rel=\"canonical\" href=\"https:\/\/www.ceisa.com\/backtest\/equiposproceso\/\" \/>\n<meta property=\"og:locale\" content=\"es_ES\" \/>\n<meta property=\"og:type\" content=\"article\" \/>\n<meta property=\"og:title\" content=\"Equipos de proceso | CEISA\" \/>\n<meta property=\"og:description\" content=\"Los equipos de proceso se construyen conforme a los m\u00e1s altos est\u00e1ndares de calidad, aplicando las normativas m\u00e1s exigentes de cada sector.\" \/>\n<meta property=\"og:url\" content=\"https:\/\/www.ceisa.com\/backtest\/equiposproceso\/\" \/>\n<meta property=\"og:site_name\" content=\"CEISA\" \/>\n<meta property=\"article:modified_time\" content=\"2023-04-12T13:21:20+00:00\" \/>\n<meta name=\"twitter:card\" content=\"summary_large_image\" \/>\n<meta name=\"twitter:label1\" content=\"Tiempo de lectura\" \/>\n\t<meta name=\"twitter:data1\" content=\"2 minutos\" \/>\n<script type=\"application\/ld+json\" class=\"yoast-schema-graph\">{\"@context\":\"https:\\\/\\\/schema.org\",\"@graph\":[{\"@type\":\"WebPage\",\"@id\":\"https:\\\/\\\/www.ceisa.com\\\/backtest\\\/equiposproceso\\\/\",\"url\":\"https:\\\/\\\/www.ceisa.com\\\/backtest\\\/equiposproceso\\\/\",\"name\":\"Equipos de proceso | CEISA\",\"isPartOf\":{\"@id\":\"https:\\\/\\\/www.ceisa.com\\\/backtest\\\/#website\"},\"datePublished\":\"2022-05-31T14:59:06+00:00\",\"dateModified\":\"2023-04-12T13:21:20+00:00\",\"description\":\"Los equipos de proceso se construyen conforme a los m\u00e1s altos est\u00e1ndares de calidad, aplicando las normativas m\u00e1s exigentes de cada sector.\",\"breadcrumb\":{\"@id\":\"https:\\\/\\\/www.ceisa.com\\\/backtest\\\/equiposproceso\\\/#breadcrumb\"},\"inLanguage\":\"es\",\"potentialAction\":[{\"@type\":\"ReadAction\",\"target\":[\"https:\\\/\\\/www.ceisa.com\\\/backtest\\\/equiposproceso\\\/\"]}]},{\"@type\":\"BreadcrumbList\",\"@id\":\"https:\\\/\\\/www.ceisa.com\\\/backtest\\\/equiposproceso\\\/#breadcrumb\",\"itemListElement\":[{\"@type\":\"ListItem\",\"position\":1,\"name\":\"Portada\",\"item\":\"https:\\\/\\\/www.ceisa.com\\\/backtest\\\/\"},{\"@type\":\"ListItem\",\"position\":2,\"name\":\"Equipos de proceso\"}]},{\"@type\":\"WebSite\",\"@id\":\"https:\\\/\\\/www.ceisa.com\\\/backtest\\\/#website\",\"url\":\"https:\\\/\\\/www.ceisa.com\\\/backtest\\\/\",\"name\":\"CEISA\",\"description\":\"We Make Everything Flow\",\"publisher\":{\"@id\":\"https:\\\/\\\/www.ceisa.com\\\/backtest\\\/#organization\"},\"potentialAction\":[{\"@type\":\"SearchAction\",\"target\":{\"@type\":\"EntryPoint\",\"urlTemplate\":\"https:\\\/\\\/www.ceisa.com\\\/backtest\\\/?s={search_term_string}\"},\"query-input\":{\"@type\":\"PropertyValueSpecification\",\"valueRequired\":true,\"valueName\":\"search_term_string\"}}],\"inLanguage\":\"es\"},{\"@type\":\"Organization\",\"@id\":\"https:\\\/\\\/www.ceisa.com\\\/backtest\\\/#organization\",\"name\":\"CEISA\",\"url\":\"https:\\\/\\\/www.ceisa.com\\\/backtest\\\/\",\"logo\":{\"@type\":\"ImageObject\",\"inLanguage\":\"es\",\"@id\":\"https:\\\/\\\/www.ceisa.com\\\/backtest\\\/#\\\/schema\\\/logo\\\/image\\\/\",\"url\":\"https:\\\/\\\/www.ceisa.com\\\/backtest\\\/wp-content\\\/uploads\\\/2022\\\/10\\\/CEISA-02.png\",\"contentUrl\":\"https:\\\/\\\/www.ceisa.com\\\/backtest\\\/wp-content\\\/uploads\\\/2022\\\/10\\\/CEISA-02.png\",\"width\":2501,\"height\":1482,\"caption\":\"CEISA\"},\"image\":{\"@id\":\"https:\\\/\\\/www.ceisa.com\\\/backtest\\\/#\\\/schema\\\/logo\\\/image\\\/\"},\"sameAs\":[\"https:\\\/\\\/es.linkedin.com\\\/company\\\/ceisasolutions-sa\"]}]}<\/script>\n<!-- \/ Yoast SEO plugin. -->","yoast_head_json":{"title":"Equipos de proceso | CEISA","description":"Los equipos de proceso se construyen conforme a los m\u00e1s altos est\u00e1ndares de calidad, aplicando las normativas m\u00e1s exigentes de cada sector.","robots":{"index":"index","follow":"follow","max-snippet":"max-snippet:-1","max-image-preview":"max-image-preview:large","max-video-preview":"max-video-preview:-1"},"canonical":"https:\/\/www.ceisa.com\/backtest\/equiposproceso\/","og_locale":"es_ES","og_type":"article","og_title":"Equipos de proceso | CEISA","og_description":"Los equipos de proceso se construyen conforme a los m\u00e1s altos est\u00e1ndares de calidad, aplicando las normativas m\u00e1s exigentes de cada sector.","og_url":"https:\/\/www.ceisa.com\/backtest\/equiposproceso\/","og_site_name":"CEISA","article_modified_time":"2023-04-12T13:21:20+00:00","twitter_card":"summary_large_image","twitter_misc":{"Tiempo de lectura":"2 minutos"},"schema":{"@context":"https:\/\/schema.org","@graph":[{"@type":"WebPage","@id":"https:\/\/www.ceisa.com\/backtest\/equiposproceso\/","url":"https:\/\/www.ceisa.com\/backtest\/equiposproceso\/","name":"Equipos de proceso | CEISA","isPartOf":{"@id":"https:\/\/www.ceisa.com\/backtest\/#website"},"datePublished":"2022-05-31T14:59:06+00:00","dateModified":"2023-04-12T13:21:20+00:00","description":"Los equipos de proceso se construyen conforme a los m\u00e1s altos est\u00e1ndares de calidad, aplicando las normativas m\u00e1s exigentes de cada sector.","breadcrumb":{"@id":"https:\/\/www.ceisa.com\/backtest\/equiposproceso\/#breadcrumb"},"inLanguage":"es","potentialAction":[{"@type":"ReadAction","target":["https:\/\/www.ceisa.com\/backtest\/equiposproceso\/"]}]},{"@type":"BreadcrumbList","@id":"https:\/\/www.ceisa.com\/backtest\/equiposproceso\/#breadcrumb","itemListElement":[{"@type":"ListItem","position":1,"name":"Portada","item":"https:\/\/www.ceisa.com\/backtest\/"},{"@type":"ListItem","position":2,"name":"Equipos de proceso"}]},{"@type":"WebSite","@id":"https:\/\/www.ceisa.com\/backtest\/#website","url":"https:\/\/www.ceisa.com\/backtest\/","name":"CEISA","description":"We Make Everything Flow","publisher":{"@id":"https:\/\/www.ceisa.com\/backtest\/#organization"},"potentialAction":[{"@type":"SearchAction","target":{"@type":"EntryPoint","urlTemplate":"https:\/\/www.ceisa.com\/backtest\/?s={search_term_string}"},"query-input":{"@type":"PropertyValueSpecification","valueRequired":true,"valueName":"search_term_string"}}],"inLanguage":"es"},{"@type":"Organization","@id":"https:\/\/www.ceisa.com\/backtest\/#organization","name":"CEISA","url":"https:\/\/www.ceisa.com\/backtest\/","logo":{"@type":"ImageObject","inLanguage":"es","@id":"https:\/\/www.ceisa.com\/backtest\/#\/schema\/logo\/image\/","url":"https:\/\/www.ceisa.com\/backtest\/wp-content\/uploads\/2022\/10\/CEISA-02.png","contentUrl":"https:\/\/www.ceisa.com\/backtest\/wp-content\/uploads\/2022\/10\/CEISA-02.png","width":2501,"height":1482,"caption":"CEISA"},"image":{"@id":"https:\/\/www.ceisa.com\/backtest\/#\/schema\/logo\/image\/"},"sameAs":["https:\/\/es.linkedin.com\/company\/ceisasolutions-sa"]}]}},"_links":{"self":[{"href":"https:\/\/www.ceisa.com\/backtest\/wp-json\/wp\/v2\/pages\/201","targetHints":{"allow":["GET"]}}],"collection":[{"href":"https:\/\/www.ceisa.com\/backtest\/wp-json\/wp\/v2\/pages"}],"about":[{"href":"https:\/\/www.ceisa.com\/backtest\/wp-json\/wp\/v2\/types\/page"}],"author":[{"embeddable":true,"href":"https:\/\/www.ceisa.com\/backtest\/wp-json\/wp\/v2\/users\/1"}],"replies":[{"embeddable":true,"href":"https:\/\/www.ceisa.com\/backtest\/wp-json\/wp\/v2\/comments?post=201"}],"version-history":[{"count":32,"href":"https:\/\/www.ceisa.com\/backtest\/wp-json\/wp\/v2\/pages\/201\/revisions"}],"predecessor-version":[{"id":1120,"href":"https:\/\/www.ceisa.com\/backtest\/wp-json\/wp\/v2\/pages\/201\/revisions\/1120"}],"wp:attachment":[{"href":"https:\/\/www.ceisa.com\/backtest\/wp-json\/wp\/v2\/media?parent=201"}],"curies":[{"name":"wp","href":"https:\/\/api.w.org\/{rel}","templated":true}]}}